{"id":6945,"date":"2021-05-07T17:05:46","date_gmt":"2021-05-07T17:05:46","guid":{"rendered":"https:\/\/thorsten.qodeinteractive.com\/?page_id=6945"},"modified":"2022-04-13T01:39:51","modified_gmt":"2022-04-13T01:39:51","slug":"faq","status":"publish","type":"page","link":"https:\/\/proskillsafrica.com\/es\/faq\/","title":{"rendered":"Preguntas m\u00e1s frecuentes"},"content":{"rendered":"<div data-elementor-type=\"wp-page\" data-elementor-id=\"6945\" class=\"elementor elementor-6945\">\n\t\t\t\t\t\t\t\t\t<section class=\"elementor-section elementor-top-section elementor-element elementor-element-8f1c018 elementor-section-full_width qodef-elementor-content-grid elementor-section-height-default elementor-section-height-default\" data-id=\"8f1c018\" data-element_type=\"section\">\n\t\t\t\t\t\t<div class=\"elementor-container elementor-column-gap-default\">\n\t\t\t\t\t<div class=\"elementor-column elementor-col-100 elementor-top-column elementor-element elementor-element-93a1c4d\" data-id=\"93a1c4d\" data-element_type=\"column\">\n\t\t\t<div class=\"elementor-widget-wrap elementor-element-populated\">\n\t\t\t\t\t\t\t\t<div class=\"elementor-element elementor-element-ea1a11e elementor-widget elementor-widget-thorsten_core_accordion\" data-id=\"ea1a11e\" data-element_type=\"widget\" data-widget_type=\"thorsten_core_accordion.default\">\n\t\t\t\t<div class=\"elementor-widget-container\">\n\t\t\t<div class=\"qodef-shortcode qodef-m  qodef-accordion clear qodef-behavior--accordion qodef-layout--simple\">\n\t<h4 class=\"qodef-accordion-title\">\n\t<span class=\"qodef-tab-title\">\u00bfQu\u00e9 significa Oracle Resource Hub?<\/span>\n\t<span class=\"qodef-accordion-mark\">\n\t\t<span class=\"qodef-icon--plus qodef-icon-elegant-icons icon_plus\"><\/span>\n\t\t<span class=\"qodef-icon--minus qodef-icon-elegant-icons icon_minus-06\"><\/span>\n\t<\/span>\n<\/h4>\n<div class=\"qodef-accordion-content\">\n\t<div class=\"qodef-accordion-content-inner\">\n\t\t<p>Oracle Resource Hub es un nivel de autorizaci\u00f3n para los socios de Oracle que es el anfitri\u00f3n de recursos certificados y calificados. Los recursos pueden ser capacitadores o especialistas t\u00e9cnicos en servicios como implementaci\u00f3n, soporte, etc. Est\u00e1 previsto que el centro de recursos sea un proveedor de recursos para Oracle y los socios de Oracle.\u00a0<\/p><p>\u00a0<\/p><p>https:\/\/partner-finder.oracle.com\/catalog\/Partner\/SCPP-TTVCPOUV#profile-overview<\/p>\t<\/div>\n<\/div>\n<h4 class=\"qodef-accordion-title\">\n\t<span class=\"qodef-tab-title\">\u00bfCu\u00e1les son las autorizaciones de ProSkills?<\/span>\n\t<span class=\"qodef-accordion-mark\">\n\t\t<span class=\"qodef-icon--plus qodef-icon-elegant-icons icon_plus\"><\/span>\n\t\t<span class=\"qodef-icon--minus qodef-icon-elegant-icons icon_minus-06\"><\/span>\n\t<\/span>\n<\/h4>\n<div class=\"qodef-accordion-content\">\n\t<div class=\"qodef-accordion-content-inner\">\n\t\t<p>ProSkills est\u00e1 autorizado por Oracle para ser un centro de recursos global. El acuerdo de asociaci\u00f3n cubre todo el mundo y todas las tecnolog\u00edas y especializaciones. ProSkills tambi\u00e9n es un revendedor autorizado con especializaciones en la nube.\u00a0<\/p><p>\u00a0<\/p><p>https:\/\/partner-finder.oracle.com\/catalog\/Partner\/SCPP-TTVCPOUV#profile-overview<\/p><p>\u00a0<\/p><p>\u00a0<\/p>\t<\/div>\n<\/div>\n<h4 class=\"qodef-accordion-title\">\n\t<span class=\"qodef-tab-title\">\u00bfQu\u00e9 otras especializaciones est\u00e1n disponibles en ProSkills?<\/span>\n\t<span class=\"qodef-accordion-mark\">\n\t\t<span class=\"qodef-icon--plus qodef-icon-elegant-icons icon_plus\"><\/span>\n\t\t<span class=\"qodef-icon--minus qodef-icon-elegant-icons icon_minus-06\"><\/span>\n\t<\/span>\n<\/h4>\n<div class=\"qodef-accordion-content\">\n\t<div class=\"qodef-accordion-content-inner\">\n\t\t<p>ProSkills tambi\u00e9n es anfitri\u00f3n de capacitadores certificados y calificados en IBM, Redhat, VMware, ISTQB, SCRUM, ITIL, Agile, PMI, COBIT, DevOps, CompTIA, SAP, AWS, Google, Intel, HP, CISSP, CEH, CISA, Palo Alto y Cisco.<\/p>\t<\/div>\n<\/div>\n<h4 class=\"qodef-accordion-title\">\n\t<span class=\"qodef-tab-title\">Tenemos el requisito de impartir un curso en idioma turco.<\/span>\n\t<span class=\"qodef-accordion-mark\">\n\t\t<span class=\"qodef-icon--plus qodef-icon-elegant-icons icon_plus\"><\/span>\n\t\t<span class=\"qodef-icon--minus qodef-icon-elegant-icons icon_minus-06\"><\/span>\n\t<\/span>\n<\/h4>\n<div class=\"qodef-accordion-content\">\n\t<div class=\"qodef-accordion-content-inner\">\n\t\t<p>Aunque el idioma turco no est\u00e1 dentro de nuestra lista de los seis idiomas de entrega (EN, FR, AR, DE, SP, PT), ProSkills a\u00fan puede ayudar y proporcionar un capacitador que pueda impartir en idioma turco, ya sea virtual o en clase.\u00a0<\/p>\t<\/div>\n<\/div>\n<h4 class=\"qodef-accordion-title\">\n\t<span class=\"qodef-tab-title\">Tenemos requisitos t\u00e9cnicos especiales para nuestro personal de TI<\/span>\n\t<span class=\"qodef-accordion-mark\">\n\t\t<span class=\"qodef-icon--plus qodef-icon-elegant-icons icon_plus\"><\/span>\n\t\t<span class=\"qodef-icon--minus qodef-icon-elegant-icons icon_minus-06\"><\/span>\n\t<\/span>\n<\/h4>\n<div class=\"qodef-accordion-content\">\n\t<div class=\"qodef-accordion-content-inner\">\n\t\t<p>ProSkills trabaja en estrecha colaboraci\u00f3n con el socio y el cliente final de Oracle para cumplir con los requisitos t\u00e9cnicos especiales para el personal de TI. Esto incluye capacitaci\u00f3n, implementaci\u00f3n, actualizaci\u00f3n, consulta, soporte, etc. Todos nuestros consultores tienen una s\u00f3lida experiencia pr\u00e1ctica en el campo t\u00e9cnico que les permite entregar las tareas requeridas sin problemas.\u00a0<\/p>\t<\/div>\n<\/div>\n<h4 class=\"qodef-accordion-title\">\n\t<span class=\"qodef-tab-title\">\u00bfPuede ProSkills ayudar a capacitar a los usuarios corporativos que no son de TI?<\/span>\n\t<span class=\"qodef-accordion-mark\">\n\t\t<span class=\"qodef-icon--plus qodef-icon-elegant-icons icon_plus\"><\/span>\n\t\t<span class=\"qodef-icon--minus qodef-icon-elegant-icons icon_minus-06\"><\/span>\n\t<\/span>\n<\/h4>\n<div class=\"qodef-accordion-content\">\n\t<div class=\"qodef-accordion-content-inner\">\n\t\t<p>ProSkills proporciona un servicio completo de adopci\u00f3n de usuarios que incluye &quot;Evaluaci\u00f3n de necesidades de capacitaci\u00f3n&quot;, &quot;Desarrollo de material de capacitaci\u00f3n&quot;, &quot;Capacitaci\u00f3n en clase y en el trabajo&quot;, &quot;Evaluaci\u00f3n&quot;. Todas esas tareas se realizan en colaboraci\u00f3n con Oracle. Los informes y resultados al final de cada tarea son validados por los equipos de Oracle UAS.\u00a0<\/p>\t<\/div>\n<\/div>\n<\/div>\n\t\t<\/div>\n\t\t\t\t<\/div>\n\t\t\t\t\t<\/div>\n\t\t<\/div>\n\t\t\t\t\t\t\t<\/div>\n\t\t<\/section>\n\t\t\t\t<section class=\"elementor-section elementor-top-section elementor-element elementor-element-eea33d6 elementor-section-full_width qodef-elementor-content-grid elementor-section-height-default elementor-section-height-default\" data-id=\"eea33d6\" data-element_type=\"section\">\n\t\t\t\t\t\t<div class=\"elementor-container elementor-column-gap-default\">\n\t\t\t\t\t<div class=\"elementor-column elementor-col-100 elementor-top-column elementor-element elementor-element-a1e3237\" data-id=\"a1e3237\" data-element_type=\"column\">\n\t\t\t<div class=\"elementor-widget-wrap elementor-element-populated\">\n\t\t\t\t\t\t\t\t<div class=\"elementor-element elementor-element-deabed2 elementor-widget elementor-widget-thorsten_core_section_title\" data-id=\"deabed2\" data-element_type=\"widget\" data-widget_type=\"thorsten_core_section_title.default\">\n\t\t\t\t<div class=\"elementor-widget-container\">\n\t\t\t<div class=\"qodef-shortcode qodef-m  qodef-section-title qodef-alignment--left   qodef-st-appear-animation--no\">\n\t\t\t<h3 class=\"qodef-m-title\" >\n\t\t\t\t\tSi necesita enviarnos un mensaje, por favor complete el siguiente formulario\t\t\t<\/h3>\n\t\t<p class=\"qodef-m-text\" style=\"margin-top: 8px;color: #6F7F90A1\">Su direcci\u00f3n de correo electr\u00f3nico no ser\u00e1 publicada. Los campos obligatorios est\u00e1n marcados *<\/p>\n<\/div>\n\t\t<\/div>\n\t\t\t\t<\/div>\n\t\t\t\t<div class=\"elementor-element elementor-element-d933acc elementor-widget elementor-widget-wp-widget-thorsten_core_contact_form_7\" data-id=\"d933acc\" data-element_type=\"widget\" data-widget_type=\"wp-widget-thorsten_core_contact_form_7.default\">\n\t\t\t\t<div class=\"elementor-widget-container\">\n\t\t\t\t\t\t<div class=\"qodef-contact-form-7\">\n\t\t\t\t\n<div class=\"wpcf7 no-js\" id=\"wpcf7-f6974-o1\" lang=\"en-US\" dir=\"ltr\">\n<div class=\"screen-reader-response\"><p role=\"status\" aria-live=\"polite\" aria-atomic=\"true\"><\/p> <ul><\/ul><\/div>\n<form action=\"\/es\/wp-json\/wp\/v2\/pages\/6945#wpcf7-f6974-o1\" method=\"post\" class=\"wpcf7-form init\" aria-label=\"Contact form\" novalidate=\"novalidate\" data-status=\"init\" data-trp-original-action=\"\/es\/wp-json\/wp\/v2\/pages\/6945#wpcf7-f6974-o1\">\n<div style=\"display: none;\">\n<input type=\"hidden\" name=\"_wpcf7\" value=\"6974\" \/>\n<input type=\"hidden\" name=\"_wpcf7_version\" value=\"5.8\" \/>\n<input type=\"hidden\" name=\"_wpcf7_locale\" value=\"en_US\" \/>\n<input type=\"hidden\" name=\"_wpcf7_unit_tag\" value=\"wpcf7-f6974-o1\" \/>\n<input type=\"hidden\" name=\"_wpcf7_container_post\" value=\"0\" \/>\n<input type=\"hidden\" name=\"_wpcf7_posted_data_hash\" value=\"\" \/>\n<\/div>\n<div class=\"qodef-contact-form-faq\"><span class=\"wpcf7-form-control-wrap\" data-name=\"your-message\"><textarea cols=\"40\" rows=\"6\" class=\"wpcf7-form-control wpcf7-textarea\" aria-invalid=\"false\" placeholder=\"Mensaje\" name=\"your-message\"><\/textarea><\/span><div><span class=\"wpcf7-form-control-wrap\" data-name=\"your-name\"><input size=\"40\" class=\"wpcf7-form-control wpcf7-text wpcf7-validates-as-required\" aria-required=\"true\" aria-invalid=\"false\" placeholder=\"Su nombre\" value=\"\" type=\"text\" name=\"your-name\" \/><\/span><span class=\"wpcf7-form-control-wrap\" data-name=\"your-email\"><input size=\"40\" class=\"wpcf7-form-control wpcf7-email wpcf7-validates-as-required wpcf7-text wpcf7-validates-as-email\" aria-required=\"true\" aria-invalid=\"false\" placeholder=\"Correo electr\u00f3nico *\" value=\"\" type=\"email\" name=\"your-email\" \/><\/span><span class=\"wpcf7-form-control-wrap\" data-name=\"your-tel\"><input size=\"40\" class=\"wpcf7-form-control wpcf7-tel wpcf7-text wpcf7-validates-as-tel\" aria-invalid=\"false\" placeholder=\"Tel\u00e9fono\" value=\"\" type=\"tel\" name=\"your-tel\" \/><\/span><\/div><button class=\"wpcf7-form-control wpcf7-submit qodef-button qodef-size--normal qodef-layout--filled qodef-m\" type=\"submit\"><span class=\"qodef-m-text\">Enviar<\/span><\/button><\/div><div class=\"wpcf7-response-output\" aria-hidden=\"true\"><\/div>\n<input type=\"hidden\" name=\"trp-form-language\" value=\"es\"\/><\/form>\n<\/div>\n\t\t\t<\/div>\n\t\t\t\t\t<\/div>\n\t\t\t\t<\/div>\n\t\t\t\t\t<\/div>\n\t\t<\/div>\n\t\t\t\t\t\t\t<\/div>\n\t\t<\/section>\n\t\t\t\t\t\t\t<\/div>","protected":false},"excerpt":{"rendered":"<p>What is meant by Oracle Resource Hub? Oracle Resource Hub is an authorization level to Oracle partners who is the host to certified and qualified resources. Resources could be trainers or technical specialists in services such as implementation, support, etc. The Resource Hub is planned to be a resource provider to Oracle and Oracle partners. [&hellip;]<\/p>","protected":false},"author":1,"featured_media":0,"parent":0,"menu_order":0,"comment_status":"closed","ping_status":"closed","template":"page-full-width.php","meta":{"footnotes":""},"_links":{"self":[{"href":"https:\/\/proskillsafrica.com\/es\/wp-json\/wp\/v2\/pages\/6945"}],"collection":[{"href":"https:\/\/proskillsafrica.com\/es\/wp-json\/wp\/v2\/pages"}],"about":[{"href":"https:\/\/proskillsafrica.com\/es\/wp-json\/wp\/v2\/types\/page"}],"author":[{"embeddable":true,"href":"https:\/\/proskillsafrica.com\/es\/wp-json\/wp\/v2\/users\/1"}],"replies":[{"embeddable":true,"href":"https:\/\/proskillsafrica.com\/es\/wp-json\/wp\/v2\/comments?post=6945"}],"version-history":[{"count":56,"href":"https:\/\/proskillsafrica.com\/es\/wp-json\/wp\/v2\/pages\/6945\/revisions"}],"predecessor-version":[{"id":17237,"href":"https:\/\/proskillsafrica.com\/es\/wp-json\/wp\/v2\/pages\/6945\/revisions\/17237"}],"wp:attachment":[{"href":"https:\/\/proskillsafrica.com\/es\/wp-json\/wp\/v2\/media?parent=6945"}],"curies":[{"name":"wp","href":"https:\/\/api.w.org\/{rel}","templated":true}]}}