{"id":6945,"date":"2021-05-07T17:05:46","date_gmt":"2021-05-07T17:05:46","guid":{"rendered":"https:\/\/thorsten.qodeinteractive.com\/?page_id=6945"},"modified":"2022-04-13T01:39:51","modified_gmt":"2022-04-13T01:39:51","slug":"faq","status":"publish","type":"page","link":"https:\/\/proskillsafrica.com\/pt\/faq\/","title":{"rendered":"Perguntas frequentes"},"content":{"rendered":"<div data-elementor-type=\"wp-page\" data-elementor-id=\"6945\" class=\"elementor elementor-6945\">\n\t\t\t\t\t\t\t\t\t<section class=\"elementor-section elementor-top-section elementor-element elementor-element-8f1c018 elementor-section-full_width qodef-elementor-content-grid elementor-section-height-default elementor-section-height-default\" data-id=\"8f1c018\" data-element_type=\"section\">\n\t\t\t\t\t\t<div class=\"elementor-container elementor-column-gap-default\">\n\t\t\t\t\t<div class=\"elementor-column elementor-col-100 elementor-top-column elementor-element elementor-element-93a1c4d\" data-id=\"93a1c4d\" data-element_type=\"column\">\n\t\t\t<div class=\"elementor-widget-wrap elementor-element-populated\">\n\t\t\t\t\t\t\t\t<div class=\"elementor-element elementor-element-ea1a11e elementor-widget elementor-widget-thorsten_core_accordion\" data-id=\"ea1a11e\" data-element_type=\"widget\" data-widget_type=\"thorsten_core_accordion.default\">\n\t\t\t\t<div class=\"elementor-widget-container\">\n\t\t\t<div class=\"qodef-shortcode qodef-m  qodef-accordion clear qodef-behavior--accordion qodef-layout--simple\">\n\t<h4 class=\"qodef-accordion-title\">\n\t<span class=\"qodef-tab-title\">O que se entende por Oracle Resource Hub?<\/span>\n\t<span class=\"qodef-accordion-mark\">\n\t\t<span class=\"qodef-icon--plus qodef-icon-elegant-icons icon_plus\"><\/span>\n\t\t<span class=\"qodef-icon--minus qodef-icon-elegant-icons icon_minus-06\"><\/span>\n\t<\/span>\n<\/h4>\n<div class=\"qodef-accordion-content\">\n\t<div class=\"qodef-accordion-content-inner\">\n\t\t<p>O Oracle Resource Hub \u00e9 um n\u00edvel de autoriza\u00e7\u00e3o para parceiros Oracle que hospedam recursos certificados e qualificados. Os recursos podem ser instrutores ou especialistas t\u00e9cnicos em servi\u00e7os como implementa\u00e7\u00e3o, suporte, etc. O Resource Hub est\u00e1 planejado para ser um provedor de recursos para Oracle e parceiros Oracle.\u00a0<\/p><p>\u00a0<\/p><p>https:\/\/partner-finder.oracle.com\/catalog\/Partner\/SCPP-TTVCPOUV#profile-overview<\/p>\t<\/div>\n<\/div>\n<h4 class=\"qodef-accordion-title\">\n\t<span class=\"qodef-tab-title\">Quais s\u00e3o as autoriza\u00e7\u00f5es da ProSkills?<\/span>\n\t<span class=\"qodef-accordion-mark\">\n\t\t<span class=\"qodef-icon--plus qodef-icon-elegant-icons icon_plus\"><\/span>\n\t\t<span class=\"qodef-icon--minus qodef-icon-elegant-icons icon_minus-06\"><\/span>\n\t<\/span>\n<\/h4>\n<div class=\"qodef-accordion-content\">\n\t<div class=\"qodef-accordion-content-inner\">\n\t\t<p>A ProSkills est\u00e1 autorizada pela Oracle a ser um Global Resource Hub. O acordo de parceria abrange todo o mundo e todas as tecnologias e especializa\u00e7\u00f5es. A ProSkills tamb\u00e9m \u00e9 um revendedor autorizado com especializa\u00e7\u00f5es em nuvem.\u00a0<\/p><p>\u00a0<\/p><p>https:\/\/partner-finder.oracle.com\/catalog\/Partner\/SCPP-TTVCPOUV#profile-overview<\/p><p>\u00a0<\/p><p>\u00a0<\/p>\t<\/div>\n<\/div>\n<h4 class=\"qodef-accordion-title\">\n\t<span class=\"qodef-tab-title\">Que outras especializa\u00e7\u00f5es est\u00e3o dispon\u00edveis na ProSkills?<\/span>\n\t<span class=\"qodef-accordion-mark\">\n\t\t<span class=\"qodef-icon--plus qodef-icon-elegant-icons icon_plus\"><\/span>\n\t\t<span class=\"qodef-icon--minus qodef-icon-elegant-icons icon_minus-06\"><\/span>\n\t<\/span>\n<\/h4>\n<div class=\"qodef-accordion-content\">\n\t<div class=\"qodef-accordion-content-inner\">\n\t\t<p>A ProSkills tamb\u00e9m hospeda instrutores certificados e qualificados em IBM, Redhat, VMware, ISTQB, SCRUM, ITIL, Agile, PMI, COBIT, DevOps, CompTIA, SAP, AWS, Google, Intel, HP, CISSP, CEH, CISA, Palo Alto e Cisco.<\/p>\t<\/div>\n<\/div>\n<h4 class=\"qodef-accordion-title\">\n\t<span class=\"qodef-tab-title\">Temos um requisito para ministrar um curso em l\u00edngua turca<\/span>\n\t<span class=\"qodef-accordion-mark\">\n\t\t<span class=\"qodef-icon--plus qodef-icon-elegant-icons icon_plus\"><\/span>\n\t\t<span class=\"qodef-icon--minus qodef-icon-elegant-icons icon_minus-06\"><\/span>\n\t<\/span>\n<\/h4>\n<div class=\"qodef-accordion-content\">\n\t<div class=\"qodef-accordion-content-inner\">\n\t\t<p>Embora o idioma turco n\u00e3o esteja em nossa lista dos seis idiomas de entrega (EN, FR, AR, DE, SP, PT), a ProSkills ainda pode ajudar e fornecer um instrutor que pode entregar em turco, virtual ou em sala de aula.\u00a0<\/p>\t<\/div>\n<\/div>\n<h4 class=\"qodef-accordion-title\">\n\t<span class=\"qodef-tab-title\">Temos requisitos t\u00e9cnicos especiais para nossa equipe de TI<\/span>\n\t<span class=\"qodef-accordion-mark\">\n\t\t<span class=\"qodef-icon--plus qodef-icon-elegant-icons icon_plus\"><\/span>\n\t\t<span class=\"qodef-icon--minus qodef-icon-elegant-icons icon_minus-06\"><\/span>\n\t<\/span>\n<\/h4>\n<div class=\"qodef-accordion-content\">\n\t<div class=\"qodef-accordion-content-inner\">\n\t\t<p>A ProSkills trabalha em estreita colabora\u00e7\u00e3o com o parceiro e o cliente final da Oracle para atender a requisitos t\u00e9cnicos especiais para a equipe de TI. Isso inclui treinamento, implementa\u00e7\u00e3o, atualiza\u00e7\u00e3o, consultoria, suporte, etc. Todos os nossos consultores t\u00eam experi\u00eancia pr\u00e1tica de campo t\u00e9cnica robusta que lhes permite entregar as tarefas necess\u00e1rias sem problemas.\u00a0<\/p>\t<\/div>\n<\/div>\n<h4 class=\"qodef-accordion-title\">\n\t<span class=\"qodef-tab-title\">O ProSkills pode ajudar a treinar usu\u00e1rios corporativos que n\u00e3o s\u00e3o de TI?<\/span>\n\t<span class=\"qodef-accordion-mark\">\n\t\t<span class=\"qodef-icon--plus qodef-icon-elegant-icons icon_plus\"><\/span>\n\t\t<span class=\"qodef-icon--minus qodef-icon-elegant-icons icon_minus-06\"><\/span>\n\t<\/span>\n<\/h4>\n<div class=\"qodef-accordion-content\">\n\t<div class=\"qodef-accordion-content-inner\">\n\t\t<p>A ProSkills fornece um Servi\u00e7o de Ado\u00e7\u00e3o de Usu\u00e1rios completo, incluindo &quot;Avalia\u00e7\u00e3o de Necessidades de Treinamento&quot;, &quot;Desenvolvimento de Material de Treinamento&quot;, &quot;Treinamento em sala de aula e no trabalho&quot;, &quot;Avalia\u00e7\u00e3o&quot;. Todas essas tarefas s\u00e3o feitas em colabora\u00e7\u00e3o com a Oracle. Os relat\u00f3rios e resultados ao final de cada tarefa s\u00e3o validados pelas equipes Oracle UAS.\u00a0<\/p>\t<\/div>\n<\/div>\n<\/div>\n\t\t<\/div>\n\t\t\t\t<\/div>\n\t\t\t\t\t<\/div>\n\t\t<\/div>\n\t\t\t\t\t\t\t<\/div>\n\t\t<\/section>\n\t\t\t\t<section class=\"elementor-section elementor-top-section elementor-element elementor-element-eea33d6 elementor-section-full_width qodef-elementor-content-grid elementor-section-height-default elementor-section-height-default\" data-id=\"eea33d6\" data-element_type=\"section\">\n\t\t\t\t\t\t<div class=\"elementor-container elementor-column-gap-default\">\n\t\t\t\t\t<div class=\"elementor-column elementor-col-100 elementor-top-column elementor-element elementor-element-a1e3237\" data-id=\"a1e3237\" data-element_type=\"column\">\n\t\t\t<div class=\"elementor-widget-wrap elementor-element-populated\">\n\t\t\t\t\t\t\t\t<div class=\"elementor-element elementor-element-deabed2 elementor-widget elementor-widget-thorsten_core_section_title\" data-id=\"deabed2\" data-element_type=\"widget\" data-widget_type=\"thorsten_core_section_title.default\">\n\t\t\t\t<div class=\"elementor-widget-container\">\n\t\t\t<div class=\"qodef-shortcode qodef-m  qodef-section-title qodef-alignment--left   qodef-st-appear-animation--no\">\n\t\t\t<h3 class=\"qodef-m-title\" >\n\t\t\t\t\tSe precisar nos enviar uma mensagem, preencha o formul\u00e1rio abaixo\t\t\t<\/h3>\n\t\t<p class=\"qodef-m-text\" style=\"margin-top: 8px;color: #6F7F90A1\">Seu endere\u00e7o de e-mail n\u00e3o ser\u00e1 publicado. Os campos obrigat\u00f3rios est\u00e3o marcados com *<\/p>\n<\/div>\n\t\t<\/div>\n\t\t\t\t<\/div>\n\t\t\t\t<div class=\"elementor-element elementor-element-d933acc elementor-widget elementor-widget-wp-widget-thorsten_core_contact_form_7\" data-id=\"d933acc\" data-element_type=\"widget\" data-widget_type=\"wp-widget-thorsten_core_contact_form_7.default\">\n\t\t\t\t<div class=\"elementor-widget-container\">\n\t\t\t\t\t\t<div class=\"qodef-contact-form-7\">\n\t\t\t\t\n<div class=\"wpcf7 no-js\" id=\"wpcf7-f6974-o1\" lang=\"en-US\" dir=\"ltr\">\n<div class=\"screen-reader-response\"><p role=\"status\" aria-live=\"polite\" aria-atomic=\"true\"><\/p> <ul><\/ul><\/div>\n<form action=\"\/pt\/wp-json\/wp\/v2\/pages\/6945#wpcf7-f6974-o1\" method=\"post\" class=\"wpcf7-form init\" aria-label=\"Contact form\" novalidate=\"novalidate\" data-status=\"init\" data-trp-original-action=\"\/pt\/wp-json\/wp\/v2\/pages\/6945#wpcf7-f6974-o1\">\n<div style=\"display: none;\">\n<input type=\"hidden\" name=\"_wpcf7\" value=\"6974\" \/>\n<input type=\"hidden\" name=\"_wpcf7_version\" value=\"5.8\" \/>\n<input type=\"hidden\" name=\"_wpcf7_locale\" value=\"en_US\" \/>\n<input type=\"hidden\" name=\"_wpcf7_unit_tag\" value=\"wpcf7-f6974-o1\" \/>\n<input type=\"hidden\" name=\"_wpcf7_container_post\" value=\"0\" \/>\n<input type=\"hidden\" name=\"_wpcf7_posted_data_hash\" value=\"\" \/>\n<\/div>\n<div class=\"qodef-contact-form-faq\"><span class=\"wpcf7-form-control-wrap\" data-name=\"your-message\"><textarea cols=\"40\" rows=\"6\" class=\"wpcf7-form-control wpcf7-textarea\" aria-invalid=\"false\" placeholder=\"Mensagem\" name=\"your-message\"><\/textarea><\/span><div><span class=\"wpcf7-form-control-wrap\" data-name=\"your-name\"><input size=\"40\" class=\"wpcf7-form-control wpcf7-text wpcf7-validates-as-required\" aria-required=\"true\" aria-invalid=\"false\" placeholder=\"Seu nome\" value=\"\" type=\"text\" name=\"your-name\" \/><\/span><span class=\"wpcf7-form-control-wrap\" data-name=\"your-email\"><input size=\"40\" class=\"wpcf7-form-control wpcf7-email wpcf7-validates-as-required wpcf7-text wpcf7-validates-as-email\" aria-required=\"true\" aria-invalid=\"false\" placeholder=\"E-mail *\" value=\"\" type=\"email\" name=\"your-email\" \/><\/span><span class=\"wpcf7-form-control-wrap\" data-name=\"your-tel\"><input size=\"40\" class=\"wpcf7-form-control wpcf7-tel wpcf7-text wpcf7-validates-as-tel\" aria-invalid=\"false\" placeholder=\"Telefone\" value=\"\" type=\"tel\" name=\"your-tel\" \/><\/span><\/div><button class=\"wpcf7-form-control wpcf7-submit qodef-button qodef-size--normal qodef-layout--filled qodef-m\" type=\"submit\"><span class=\"qodef-m-text\">Mandar<\/span><\/button><\/div><div class=\"wpcf7-response-output\" aria-hidden=\"true\"><\/div>\n<input type=\"hidden\" name=\"trp-form-language\" value=\"pt\"\/><\/form>\n<\/div>\n\t\t\t<\/div>\n\t\t\t\t\t<\/div>\n\t\t\t\t<\/div>\n\t\t\t\t\t<\/div>\n\t\t<\/div>\n\t\t\t\t\t\t\t<\/div>\n\t\t<\/section>\n\t\t\t\t\t\t\t<\/div>","protected":false},"excerpt":{"rendered":"<p>What is meant by Oracle Resource Hub? Oracle Resource Hub is an authorization level to Oracle partners who is the host to certified and qualified resources. Resources could be trainers or technical specialists in services such as implementation, support, etc. The Resource Hub is planned to be a resource provider to Oracle and Oracle partners. [&hellip;]<\/p>","protected":false},"author":1,"featured_media":0,"parent":0,"menu_order":0,"comment_status":"closed","ping_status":"closed","template":"page-full-width.php","meta":{"footnotes":""},"_links":{"self":[{"href":"https:\/\/proskillsafrica.com\/pt\/wp-json\/wp\/v2\/pages\/6945"}],"collection":[{"href":"https:\/\/proskillsafrica.com\/pt\/wp-json\/wp\/v2\/pages"}],"about":[{"href":"https:\/\/proskillsafrica.com\/pt\/wp-json\/wp\/v2\/types\/page"}],"author":[{"embeddable":true,"href":"https:\/\/proskillsafrica.com\/pt\/wp-json\/wp\/v2\/users\/1"}],"replies":[{"embeddable":true,"href":"https:\/\/proskillsafrica.com\/pt\/wp-json\/wp\/v2\/comments?post=6945"}],"version-history":[{"count":56,"href":"https:\/\/proskillsafrica.com\/pt\/wp-json\/wp\/v2\/pages\/6945\/revisions"}],"predecessor-version":[{"id":17237,"href":"https:\/\/proskillsafrica.com\/pt\/wp-json\/wp\/v2\/pages\/6945\/revisions\/17237"}],"wp:attachment":[{"href":"https:\/\/proskillsafrica.com\/pt\/wp-json\/wp\/v2\/media?parent=6945"}],"curies":[{"name":"wp","href":"https:\/\/api.w.org\/{rel}","templated":true}]}}