{"id":6945,"date":"2021-05-07T17:05:46","date_gmt":"2021-05-07T17:05:46","guid":{"rendered":"https:\/\/thorsten.qodeinteractive.com\/?page_id=6945"},"modified":"2022-04-13T01:39:51","modified_gmt":"2022-04-13T01:39:51","slug":"faq","status":"publish","type":"page","link":"https:\/\/proskillsafrica.com\/tr\/faq\/","title":{"rendered":"SSS"},"content":{"rendered":"<div data-elementor-type=\"wp-page\" data-elementor-id=\"6945\" class=\"elementor elementor-6945\">\n\t\t\t\t\t\t\t\t\t<section class=\"elementor-section elementor-top-section elementor-element elementor-element-8f1c018 elementor-section-full_width qodef-elementor-content-grid elementor-section-height-default elementor-section-height-default\" data-id=\"8f1c018\" data-element_type=\"section\">\n\t\t\t\t\t\t<div class=\"elementor-container elementor-column-gap-default\">\n\t\t\t\t\t<div class=\"elementor-column elementor-col-100 elementor-top-column elementor-element elementor-element-93a1c4d\" data-id=\"93a1c4d\" data-element_type=\"column\">\n\t\t\t<div class=\"elementor-widget-wrap elementor-element-populated\">\n\t\t\t\t\t\t\t\t<div class=\"elementor-element elementor-element-ea1a11e elementor-widget elementor-widget-thorsten_core_accordion\" data-id=\"ea1a11e\" data-element_type=\"widget\" data-widget_type=\"thorsten_core_accordion.default\">\n\t\t\t\t<div class=\"elementor-widget-container\">\n\t\t\t<div class=\"qodef-shortcode qodef-m  qodef-accordion clear qodef-behavior--accordion qodef-layout--simple\">\n\t<h4 class=\"qodef-accordion-title\">\n\t<span class=\"qodef-tab-title\">Oracle Resource Hub ile ne kastedilmektedir?<\/span>\n\t<span class=\"qodef-accordion-mark\">\n\t\t<span class=\"qodef-icon--plus qodef-icon-elegant-icons icon_plus\"><\/span>\n\t\t<span class=\"qodef-icon--minus qodef-icon-elegant-icons icon_minus-06\"><\/span>\n\t<\/span>\n<\/h4>\n<div class=\"qodef-accordion-content\">\n\t<div class=\"qodef-accordion-content-inner\">\n\t\t<p>Oracle Resource Hub, sertifikal\u0131 ve nitelikli kaynaklara ev sahipli\u011fi yapan Oracle i\u015f ortaklar\u0131 i\u00e7in bir yetki d\u00fczeyidir. Kaynaklar, uygulama, destek vb. hizmetlerde e\u011fitimciler veya teknik uzmanlar olabilir. Kaynak Merkezi&#039;nin Oracle ve Oracle i\u015f ortaklar\u0131na kaynak sa\u011flay\u0131c\u0131 olmas\u0131 planlanmaktad\u0131r.\u00a0<\/p><p>\u00a0<\/p><p>https:\/\/partner-finder.oracle.com\/catalog\/Partner\/SCPP-TTVCPOUV#profile-overview<\/p>\t<\/div>\n<\/div>\n<h4 class=\"qodef-accordion-title\">\n\t<span class=\"qodef-tab-title\">ProSkills&#039;in yetkileri nelerdir?<\/span>\n\t<span class=\"qodef-accordion-mark\">\n\t\t<span class=\"qodef-icon--plus qodef-icon-elegant-icons icon_plus\"><\/span>\n\t\t<span class=\"qodef-icon--minus qodef-icon-elegant-icons icon_minus-06\"><\/span>\n\t<\/span>\n<\/h4>\n<div class=\"qodef-accordion-content\">\n\t<div class=\"qodef-accordion-content-inner\">\n\t\t<p>ProSkills, Oracle taraf\u0131ndan bir K\u00fcresel Kaynak Merkezi olmas\u0131 i\u00e7in yetkilendirilmi\u015ftir. Ortakl\u0131k anla\u015fmas\u0131 t\u00fcm d\u00fcnyay\u0131 ve t\u00fcm teknolojileri ve uzmanl\u0131klar\u0131 kapsar. ProSkills ayr\u0131ca Bulut uzmanl\u0131klar\u0131na sahip yetkili bir sat\u0131c\u0131d\u0131r.\u00a0<\/p><p>\u00a0<\/p><p>https:\/\/partner-finder.oracle.com\/catalog\/Partner\/SCPP-TTVCPOUV#profile-overview<\/p><p>\u00a0<\/p><p>\u00a0<\/p>\t<\/div>\n<\/div>\n<h4 class=\"qodef-accordion-title\">\n\t<span class=\"qodef-tab-title\">ProSkills&#039;te ba\u015fka hangi uzmanl\u0131klar mevcuttur?<\/span>\n\t<span class=\"qodef-accordion-mark\">\n\t\t<span class=\"qodef-icon--plus qodef-icon-elegant-icons icon_plus\"><\/span>\n\t\t<span class=\"qodef-icon--minus qodef-icon-elegant-icons icon_minus-06\"><\/span>\n\t<\/span>\n<\/h4>\n<div class=\"qodef-accordion-content\">\n\t<div class=\"qodef-accordion-content-inner\">\n\t\t<p>ProSkills ayr\u0131ca IBM, Redhat, VMware, ISTQB, SCRUM, ITIL, Agile, PMI, COBIT, DevOps, CompTIA, SAP, AWS, Google, Intel, HP, CISSP, CEH, CISA, Palo&#039;da sertifikal\u0131 ve kalifiye e\u011fitmenlere ev sahipli\u011fi yapmaktad\u0131r. Alto ve Cisco.<\/p>\t<\/div>\n<\/div>\n<h4 class=\"qodef-accordion-title\">\n\t<span class=\"qodef-tab-title\">T\u00fcrk\u00e7e dil kursu verme zorunlulu\u011fumuz var<\/span>\n\t<span class=\"qodef-accordion-mark\">\n\t\t<span class=\"qodef-icon--plus qodef-icon-elegant-icons icon_plus\"><\/span>\n\t\t<span class=\"qodef-icon--minus qodef-icon-elegant-icons icon_minus-06\"><\/span>\n\t<\/span>\n<\/h4>\n<div class=\"qodef-accordion-content\">\n\t<div class=\"qodef-accordion-content-inner\">\n\t\t<p>T\u00fcrk\u00e7e alt\u0131 da\u011f\u0131t\u0131m dili listemizde olmamas\u0131na ra\u011fmen (EN, FR, AR, DE, SP, PT), ProSkills yine de yard\u0131mc\u0131 olabilir ve hem sanal hem de s\u0131n\u0131f i\u00e7inde T\u00fcrk\u00e7e dilinde e\u011fitim verebilecek bir e\u011fitmen sa\u011flayabilir.\u00a0<\/p>\t<\/div>\n<\/div>\n<h4 class=\"qodef-accordion-title\">\n\t<span class=\"qodef-tab-title\">BT personelimiz i\u00e7in \u00f6zel teknik gereksinimlerimiz var<\/span>\n\t<span class=\"qodef-accordion-mark\">\n\t\t<span class=\"qodef-icon--plus qodef-icon-elegant-icons icon_plus\"><\/span>\n\t\t<span class=\"qodef-icon--minus qodef-icon-elegant-icons icon_minus-06\"><\/span>\n\t<\/span>\n<\/h4>\n<div class=\"qodef-accordion-content\">\n\t<div class=\"qodef-accordion-content-inner\">\n\t\t<p>ProSkills, BT personeli i\u00e7in \u00f6zel teknik gereksinimleri yerine getirmek i\u00e7in i\u015f orta\u011f\u0131 ve Oracle&#039;\u0131n son m\u00fc\u015fterisi ile yak\u0131n bir \u015fekilde \u00e7al\u0131\u015f\u0131r. Buna e\u011fitim, uygulama, y\u00fckseltme, dan\u0131\u015fmanl\u0131k, destek vb. dahildir. T\u00fcm dan\u0131\u015fmanlar\u0131m\u0131z, gerekli g\u00f6revleri sorunsuz bir \u015fekilde yerine getirmelerini sa\u011flayan sa\u011flam teknik saha uygulamal\u0131 deneyime sahiptir.\u00a0<\/p>\t<\/div>\n<\/div>\n<h4 class=\"qodef-accordion-title\">\n\t<span class=\"qodef-tab-title\">ProSkills, BT d\u0131\u015f\u0131 kurumsal kullan\u0131c\u0131lar\u0131 e\u011fitmeye yard\u0131mc\u0131 olabilir mi?<\/span>\n\t<span class=\"qodef-accordion-mark\">\n\t\t<span class=\"qodef-icon--plus qodef-icon-elegant-icons icon_plus\"><\/span>\n\t\t<span class=\"qodef-icon--minus qodef-icon-elegant-icons icon_minus-06\"><\/span>\n\t<\/span>\n<\/h4>\n<div class=\"qodef-accordion-content\">\n\t<div class=\"qodef-accordion-content-inner\">\n\t\t<p>ProSkills, &quot;E\u011fitim \u0130htiya\u00e7lar\u0131 De\u011ferlendirmesi&quot;, &quot;E\u011fitim Materyali Geli\u015ftirme&quot;, &quot;S\u0131n\u0131f \u0130\u00e7i ve \u0130\u015f Ba\u015f\u0131nda E\u011fitim&quot;, &quot;De\u011ferlendirme&quot; dahil olmak \u00fczere tam te\u015fekk\u00fcll\u00fc Kullan\u0131c\u0131 Kabul\u00fc Hizmeti sa\u011flar. T\u00fcm bu g\u00f6revler Oracle ile i\u015fbirli\u011fi i\u00e7inde yap\u0131l\u0131r. Her g\u00f6revin sonundaki raporlar\u0131n ve sonu\u00e7lar\u0131n t\u00fcm\u00fc Oracle UAS ekipleri taraf\u0131ndan do\u011frulan\u0131r.\u00a0<\/p>\t<\/div>\n<\/div>\n<\/div>\n\t\t<\/div>\n\t\t\t\t<\/div>\n\t\t\t\t\t<\/div>\n\t\t<\/div>\n\t\t\t\t\t\t\t<\/div>\n\t\t<\/section>\n\t\t\t\t<section class=\"elementor-section elementor-top-section elementor-element elementor-element-eea33d6 elementor-section-full_width qodef-elementor-content-grid elementor-section-height-default elementor-section-height-default\" data-id=\"eea33d6\" data-element_type=\"section\">\n\t\t\t\t\t\t<div class=\"elementor-container elementor-column-gap-default\">\n\t\t\t\t\t<div class=\"elementor-column elementor-col-100 elementor-top-column elementor-element elementor-element-a1e3237\" data-id=\"a1e3237\" data-element_type=\"column\">\n\t\t\t<div class=\"elementor-widget-wrap elementor-element-populated\">\n\t\t\t\t\t\t\t\t<div class=\"elementor-element elementor-element-deabed2 elementor-widget elementor-widget-thorsten_core_section_title\" data-id=\"deabed2\" data-element_type=\"widget\" data-widget_type=\"thorsten_core_section_title.default\">\n\t\t\t\t<div class=\"elementor-widget-container\">\n\t\t\t<div class=\"qodef-shortcode qodef-m  qodef-section-title qodef-alignment--left   qodef-st-appear-animation--no\">\n\t\t\t<h3 class=\"qodef-m-title\" >\n\t\t\t\t\tBize mesaj g\u00f6ndermeniz gerekiyorsa, l\u00fctfen a\u015fa\u011f\u0131daki formu doldurun\t\t\t<\/h3>\n\t\t<p class=\"qodef-m-text\" style=\"margin-top: 8px;color: #6F7F90A1\">E-posta hesab\u0131n\u0131z yay\u0131mlanmayacak. Gerekli alanlar i\u015faretlendi *<\/p>\n<\/div>\n\t\t<\/div>\n\t\t\t\t<\/div>\n\t\t\t\t<div class=\"elementor-element elementor-element-d933acc elementor-widget elementor-widget-wp-widget-thorsten_core_contact_form_7\" data-id=\"d933acc\" data-element_type=\"widget\" data-widget_type=\"wp-widget-thorsten_core_contact_form_7.default\">\n\t\t\t\t<div class=\"elementor-widget-container\">\n\t\t\t\t\t\t<div class=\"qodef-contact-form-7\">\n\t\t\t\t\n<div class=\"wpcf7 no-js\" id=\"wpcf7-f6974-o1\" lang=\"en-US\" dir=\"ltr\">\n<div class=\"screen-reader-response\"><p role=\"status\" aria-live=\"polite\" aria-atomic=\"true\"><\/p> <ul><\/ul><\/div>\n<form action=\"\/tr\/wp-json\/wp\/v2\/pages\/6945#wpcf7-f6974-o1\" method=\"post\" class=\"wpcf7-form init\" aria-label=\"Contact form\" novalidate=\"novalidate\" data-status=\"init\" data-trp-original-action=\"\/tr\/wp-json\/wp\/v2\/pages\/6945#wpcf7-f6974-o1\">\n<div style=\"display: none;\">\n<input type=\"hidden\" name=\"_wpcf7\" value=\"6974\" \/>\n<input type=\"hidden\" name=\"_wpcf7_version\" value=\"5.8\" \/>\n<input type=\"hidden\" name=\"_wpcf7_locale\" value=\"en_US\" \/>\n<input type=\"hidden\" name=\"_wpcf7_unit_tag\" value=\"wpcf7-f6974-o1\" \/>\n<input type=\"hidden\" name=\"_wpcf7_container_post\" value=\"0\" \/>\n<input type=\"hidden\" name=\"_wpcf7_posted_data_hash\" value=\"\" \/>\n<\/div>\n<div class=\"qodef-contact-form-faq\"><span class=\"wpcf7-form-control-wrap\" data-name=\"your-message\"><textarea cols=\"40\" rows=\"6\" class=\"wpcf7-form-control wpcf7-textarea\" aria-invalid=\"false\" placeholder=\"\u0130leti\" name=\"your-message\"><\/textarea><\/span><div><span class=\"wpcf7-form-control-wrap\" data-name=\"your-name\"><input size=\"40\" class=\"wpcf7-form-control wpcf7-text wpcf7-validates-as-required\" aria-required=\"true\" aria-invalid=\"false\" placeholder=\"Ad\u0131n\u0131z\" value=\"\" type=\"text\" name=\"your-name\" \/><\/span><span class=\"wpcf7-form-control-wrap\" data-name=\"your-email\"><input size=\"40\" class=\"wpcf7-form-control wpcf7-email wpcf7-validates-as-required wpcf7-text wpcf7-validates-as-email\" aria-required=\"true\" aria-invalid=\"false\" placeholder=\"E-posta *\" value=\"\" type=\"email\" name=\"your-email\" \/><\/span><span class=\"wpcf7-form-control-wrap\" data-name=\"your-tel\"><input size=\"40\" class=\"wpcf7-form-control wpcf7-tel wpcf7-text wpcf7-validates-as-tel\" aria-invalid=\"false\" placeholder=\"Telefon\" value=\"\" type=\"tel\" name=\"your-tel\" \/><\/span><\/div><button class=\"wpcf7-form-control wpcf7-submit qodef-button qodef-size--normal qodef-layout--filled qodef-m\" type=\"submit\"><span class=\"qodef-m-text\">G\u00f6ndermek<\/span><\/button><\/div><div class=\"wpcf7-response-output\" aria-hidden=\"true\"><\/div>\n<input type=\"hidden\" name=\"trp-form-language\" value=\"tr\"\/><\/form>\n<\/div>\n\t\t\t<\/div>\n\t\t\t\t\t<\/div>\n\t\t\t\t<\/div>\n\t\t\t\t\t<\/div>\n\t\t<\/div>\n\t\t\t\t\t\t\t<\/div>\n\t\t<\/section>\n\t\t\t\t\t\t\t<\/div>","protected":false},"excerpt":{"rendered":"<p>What is meant by Oracle Resource Hub? Oracle Resource Hub is an authorization level to Oracle partners who is the host to certified and qualified resources. Resources could be trainers or technical specialists in services such as implementation, support, etc. The Resource Hub is planned to be a resource provider to Oracle and Oracle partners. [&hellip;]<\/p>","protected":false},"author":1,"featured_media":0,"parent":0,"menu_order":0,"comment_status":"closed","ping_status":"closed","template":"page-full-width.php","meta":{"footnotes":""},"_links":{"self":[{"href":"https:\/\/proskillsafrica.com\/tr\/wp-json\/wp\/v2\/pages\/6945"}],"collection":[{"href":"https:\/\/proskillsafrica.com\/tr\/wp-json\/wp\/v2\/pages"}],"about":[{"href":"https:\/\/proskillsafrica.com\/tr\/wp-json\/wp\/v2\/types\/page"}],"author":[{"embeddable":true,"href":"https:\/\/proskillsafrica.com\/tr\/wp-json\/wp\/v2\/users\/1"}],"replies":[{"embeddable":true,"href":"https:\/\/proskillsafrica.com\/tr\/wp-json\/wp\/v2\/comments?post=6945"}],"version-history":[{"count":56,"href":"https:\/\/proskillsafrica.com\/tr\/wp-json\/wp\/v2\/pages\/6945\/revisions"}],"predecessor-version":[{"id":17237,"href":"https:\/\/proskillsafrica.com\/tr\/wp-json\/wp\/v2\/pages\/6945\/revisions\/17237"}],"wp:attachment":[{"href":"https:\/\/proskillsafrica.com\/tr\/wp-json\/wp\/v2\/media?parent=6945"}],"curies":[{"name":"wp","href":"https:\/\/api.w.org\/{rel}","templated":true}]}}